{"id":209,"date":"2025-03-07T11:31:10","date_gmt":"2025-03-07T10:31:10","guid":{"rendered":"https:\/\/drive.deltalog.be\/index.php\/detailing\/"},"modified":"2025-03-07T11:31:16","modified_gmt":"2025-03-07T10:31:16","slug":"detailing","status":"publish","type":"page","link":"https:\/\/drive.deltalog.be\/index.php\/detailing\/","title":{"rendered":"detailing"},"content":{"rendered":"<div class=\"\" style=\"\" >\n  \n    <section class=\"u-clearfix u-image u-shading u-section-1\" id=\"block-1\" data-image-width=\"1500\" data-image-height=\"1000\" style=\"background-image: linear-gradient(0deg, rgba(0, 0, 0, 0.2), rgba(0, 0, 0, 0.2)), url(&quot;https:\/\/drive.deltalog.be\/wp-content\/uploads\/2025\/03\/20231009-DriveCity-CuirRepair-72dpi-5.jpg&quot;);\">\n      <div class=\"u-clearfix u-sheet u-sheet-1\">\n        <div class=\"u-align-center u-container-align-center u-container-style u-group u-shading u-group-1\">\n          <div class=\"u-container-layout u-container-layout-1\"><\/div>\n        <\/div>\n        <h4 class=\"u-align-center u-text u-text-1\"> Expert detailing depuis 2004<\/h4>\n        <h4 class=\"u-align-center u-text u-text-2\"> De l\u2019entretien classique \u00e0 la restauration compl\u00e8te de votre v\u00e9hicule.<\/h4>\n      <\/div>\n    <\/section>\n    <section class=\"u-clearfix u-shading u-section-2\" id=\"block-2\">\n      <div class=\"u-clearfix u-sheet u-valign-middle u-sheet-1\">\n        <img decoding=\"async\" class=\"u-align-right u-image u-image-default u-image-1\" src=\"https:\/\/drive.deltalog.be\/wp-content\/uploads\/2025\/03\/admin-ajax.jpg\" alt=\"\" data-image-width=\"600\" data-image-height=\"400\">\n        <div class=\"fr-view u-clearfix u-rich-text u-text u-text-1\">\n          <p id=\"isPasted\">\n            <span style=\"font-size: 1.875rem; font-weight: 700;\">Restauration du cuir<\/span>\n          <\/p>\n          <p>D\u00e9colorations, d\u00e9chirures, \u00e9raflures, \u00e9gratignures ou m\u00eame trous\u202f: nous ma\u00eetrisons l\u2019art de redonner une seconde vie \u00e0 vos surfaces en cuir, avec un r\u00e9sultat proche de l\u2019\u00e9tat d\u2019origine. Optez pour la r\u00e9novation plut\u00f4t que le remplacement\u202f: vous serez \u00e9tonn\u00e9 des r\u00e9sultats obtenus et des \u00e9conomies r\u00e9alis\u00e9es par rapport au remplacement complet d\u2019une pi\u00e8ce endommag\u00e9e.<\/p>\n        <\/div>\n      <\/div>\n    <\/section>\n    <section class=\"u-align-center u-clearfix u-container-align-center u-section-3\" id=\"block-3\">\n      <div class=\"u-align-left u-clearfix u-sheet u-valign-middle u-sheet-1\">\n        <img decoding=\"async\" class=\"custom-expanded u-image u-image-default u-image-1\" src=\"https:\/\/drive.deltalog.be\/wp-content\/uploads\/2025\/03\/20231016-DriveCity-CuirRepair-72dpi-4.jpg\" alt=\"\" data-image-width=\"1500\" data-image-height=\"1000\">\n        <div class=\"fr-view u-clearfix u-rich-text u-text u-text-1\">\n          <p id=\"isPasted\">\n            <span style=\"font-size: 1.875rem; font-weight: 700;\">Reconditionnement complet int\u00e9rieur et ext\u00e9rieur<\/span>\n          <\/p>\n          <p>Offrez une nouvelle jeunesse \u00e0 votre v\u00e9hicule gr\u00e2ce \u00e0 notre expertise. Que ce soit par un polissage minutieux, un traitement au compound, une protection c\u00e9ramique de haute qualit\u00e9 ou une cire de Carnauba, nous perfectionnons chaque d\u00e9tail. Notre reconditionnement complet, \u00e0 l\u2019int\u00e9rieur comme \u00e0 l\u2019ext\u00e9rieur, redonne \u00e0 votre v\u00e9hicule toute sa splendeur et son allure d\u2019origine.<\/p>\n        <\/div>\n      <\/div>\n    <\/section>\n    <section class=\"u-clearfix u-section-4\" id=\"sec-473d\">\n      <div class=\"u-clearfix u-sheet u-valign-middle u-sheet-1\">\n        <h1 class=\"u-align-left u-text u-text-default u-text-white u-text-1\">Pr\u00e9c\u00e9dents projets <\/h1>\n      <\/div>\n    <\/section>\n    <section class=\"u-clearfix u-shading u-section-5\" id=\"block-4\">\n      <div class=\"u-clearfix u-sheet u-valign-middle u-sheet-1\">\n        <div class=\"data-layout-selected u-clearfix u-expanded-width u-layout-wrap u-layout-wrap-1\">\n          <div class=\"u-layout\">\n            <div class=\"u-layout-row\">\n              <div class=\"u-container-style u-layout-cell u-size-20 u-layout-cell-1\">\n                <div class=\"u-container-layout u-valign-bottom u-container-layout-1\">\n                  <p class=\"u-text u-text-default u-text-1\">Traitement c\u00e9ramique sur cette Mercedes 280 SE<span style=\"font-size: 1.25rem;\"><\/span>.\n                  <\/p>\n                  <div data-interval=\"5000\" data-u-ride=\"carousel\" class=\"custom-expanded u-carousel u-slider u-slider-1\" id=\"carousel-e24c\">\n                    <ol class=\"u-absolute-hcenter u-carousel-indicators u-carousel-indicators-1\">\n                      <li data-u-target=\"#carousel-e24c\" class=\"u-active u-active-grey-10 u-grey-30 u-shape-circle\" data-u-slide-to=\"0\" style=\"width: 10px; height: 10px;\"><\/li>\n                      <li data-u-target=\"#carousel-e24c\" class=\"u-active-grey-10 u-grey-30 u-shape-circle\" data-u-slide-to=\"1\" style=\"width: 10px; height: 10px;\"><\/li>\n                      <li data-u-target=\"#carousel-e24c\" class=\"u-active-grey-10 u-grey-30 u-shape-circle\" data-u-slide-to=\"2\" style=\"width: 10px; height: 10px;\"><\/li>\n                      <li data-u-target=\"#carousel-e24c\" class=\"u-active-grey-10 u-grey-30 u-shape-circle\" data-u-slide-to=\"3\" style=\"width: 10px; height: 10px;\"><\/li>\n                    <\/ol>\n                    <div class=\"u-carousel-inner\" role=\"listbox\">\n                      <div class=\"u-active u-carousel-item u-container-align-center u-container-style u-image u-slide u-image-1\" data-image-width=\"1500\" data-image-height=\"1000\" style=\"background-image: url(&quot;https:\/\/drive.deltalog.be\/wp-content\/uploads\/2025\/03\/20231009-DriveCity-CuirRepair-72dpi-5.jpg&quot;);\">\n                        <div class=\"u-container-layout u-container-layout-2\"><\/div>\n                      <\/div>\n                      <div class=\"u-carousel-item u-container-style u-image u-slide u-image-2\" data-image-width=\"1500\" data-image-height=\"2250\" style=\"background-image: url(&quot;https:\/\/drive.deltalog.be\/wp-content\/uploads\/2025\/03\/20231009-DriveCity-CuirRepair-72dpi.jpg&quot;);\">\n                        <div class=\"u-container-layout u-valign-bottom u-container-layout-3\"><\/div>\n                      <\/div>\n                      <div class=\"u-carousel-item u-container-align-center u-container-style u-image u-slide u-image-3\" data-image-width=\"1500\" data-image-height=\"2250\" style=\"background-image: url(&quot;https:\/\/drive.deltalog.be\/wp-content\/uploads\/2025\/03\/20231009-DriveCity-CuirRepair-72dpi-4.jpg&quot;);\">\n                        <div class=\"u-container-layout u-container-layout-4\"><\/div>\n                      <\/div>\n                      <div class=\"u-carousel-item u-container-align-center u-container-style u-image u-slide u-image-4\" data-image-width=\"1500\" data-image-height=\"2250\" style=\"background-image: url(&quot;https:\/\/drive.deltalog.be\/wp-content\/uploads\/2025\/03\/20231009-DriveCity-CuirRepair-72dpi-6.jpg&quot;);\">\n                        <div class=\"u-container-layout u-container-layout-5\"><\/div>\n                      <\/div>\n                    <\/div>\n                    <a class=\"u-absolute-vcenter u-carousel-control u-carousel-control-prev u-spacing-5 u-text-grey-30 u-carousel-control-1\" href=\"#carousel-e24c\" role=\"button\" data-u-slide=\"prev\">\n                      <span aria-hidden=\"true\">\n                        <svg viewBox=\"0 0 477.175 477.175\"><path d=\"M145.188,238.575l215.5-215.5c5.3-5.3,5.3-13.8,0-19.1s-13.8-5.3-19.1,0l-225.1,225.1c-5.3,5.3-5.3,13.8,0,19.1l225.1,225\n                    c2.6,2.6,6.1,4,9.5,4s6.9-1.3,9.5-4c5.3-5.3,5.3-13.8,0-19.1L145.188,238.575z\"><\/path><\/svg>\n                      <\/span>\n                      <span class=\"sr-only\">Previous<\/span>\n                    <\/a>\n                    <a class=\"u-absolute-vcenter u-carousel-control u-carousel-control-next u-spacing-5 u-text-grey-30 u-carousel-control-2\" href=\"#carousel-e24c\" role=\"button\" data-u-slide=\"next\">\n                      <span aria-hidden=\"true\">\n                        <svg viewBox=\"0 0 477.175 477.175\"><path d=\"M360.731,229.075l-225.1-225.1c-5.3-5.3-13.8-5.3-19.1,0s-5.3,13.8,0,19.1l215.5,215.5l-215.5,215.5\n                    c-5.3,5.3-5.3,13.8,0,19.1c2.6,2.6,6.1,4,9.5,4c3.4,0,6.9-1.3,9.5-4l225.1-225.1C365.931,242.875,365.931,234.275,360.731,229.075z\"><\/path><\/svg>\n                      <\/span>\n                      <span class=\"sr-only\">Next<\/span>\n                    <\/a>\n                  <\/div>\n                <\/div>\n              <\/div>\n              <div class=\"u-container-style u-layout-cell u-size-20 u-layout-cell-2\">\n                <div class=\"u-container-layout u-container-layout-6\">\n                  <div class=\"u-video u-video-contain u-video-1\">\n                    <div class=\"embed-responsive embed-responsive-1\">\n                      <iframe style=\"position: absolute;top: 0;left: 0;width: 100%;height: 100%;\" class=\"embed-responsive-item\" src=\"https:\/\/www.youtube.com\/embed\/B9YKnNtFqds?mute=0&amp;showinfo=0&amp;controls=0&amp;start=0\" frameborder=\"0\" allowfullscreen=\"\"><\/iframe>\n                    <\/div>\n                  <\/div>\n                <\/div>\n              <\/div>\n              <div class=\"u-container-style u-layout-cell u-size-20 u-layout-cell-3\">\n                <div class=\"u-container-layout u-container-layout-7\">\n                  <p class=\"u-text u-text-default u-text-2\">Correction micro-rayures avec traitement c\u00e9ramique sur cette Chevrolet Corvair <\/p>\n                  <div data-interval=\"5000\" data-u-ride=\"carousel\" class=\"u-carousel u-expanded-width u-slider u-slider-2\" id=\"carousel-7b51\">\n                    <ol class=\"u-absolute-hcenter u-carousel-indicators u-carousel-indicators-2\">\n                      <li data-u-target=\"#carousel-7b51\" class=\"u-active u-active-grey-10 u-grey-30 u-shape-circle\" data-u-slide-to=\"0\" style=\"width: 10px; height: 10px;\"><\/li>\n                      <li data-u-target=\"#carousel-7b51\" class=\"u-active-grey-10 u-grey-30 u-shape-circle\" data-u-slide-to=\"1\" style=\"width: 10px; height: 10px;\"><\/li>\n                      <li data-u-target=\"#carousel-7b51\" class=\"u-active-grey-10 u-grey-30 u-shape-circle\" data-u-slide-to=\"2\" style=\"width: 10px; height: 10px;\"><\/li>\n                      <li data-u-target=\"#carousel-7b51\" class=\"u-active-grey-10 u-grey-30 u-shape-circle\" data-u-slide-to=\"3\" style=\"width: 10px; height: 10px;\"><\/li>\n                      <li data-u-target=\"#carousel-7b51\" class=\"u-active-grey-10 u-grey-30 u-shape-circle\" data-u-slide-to=\"4\" style=\"width: 10px; height: 10px;\"><\/li>\n                      <li data-u-target=\"#carousel-7b51\" class=\"u-active-grey-10 u-grey-30 u-shape-circle\" data-u-slide-to=\"5\" style=\"width: 10px; height: 10px;\"><\/li>\n                      <li data-u-target=\"#carousel-7b51\" class=\"u-active-grey-10 u-grey-30 u-shape-circle\" data-u-slide-to=\"6\" style=\"width: 10px; height: 10px;\"><\/li>\n                      <li data-u-target=\"#carousel-7b51\" class=\"u-active-grey-10 u-grey-30 u-shape-circle\" data-u-slide-to=\"7\" style=\"width: 10px; height: 10px;\"><\/li>\n                      <li data-u-target=\"#carousel-7b51\" class=\"u-active-grey-10 u-grey-30 u-shape-circle\" data-u-slide-to=\"8\" style=\"width: 10px; height: 10px;\"><\/li>\n                      <li data-u-target=\"#carousel-7b51\" class=\"u-active-grey-10 u-grey-30 u-shape-circle\" data-u-slide-to=\"9\" style=\"width: 10px; height: 10px;\"><\/li>\n                      <li data-u-target=\"#carousel-7b51\" class=\"u-active-grey-10 u-grey-30 u-shape-circle\" data-u-slide-to=\"10\" style=\"width: 10px; height: 10px;\"><\/li>\n                    <\/ol>\n                    <div class=\"u-carousel-inner\" role=\"listbox\">\n                      <div class=\"u-active u-carousel-item u-container-align-center u-container-style u-image u-slide u-image-5\" data-image-width=\"2048\" data-image-height=\"1536\" style=\"background-image: url(&quot;https:\/\/drive.deltalog.be\/wp-content\/uploads\/2025\/03\/DriveCity-Detailing-Cuir-Repair-Corvair-1.jpeg&quot;);\">\n                        <div class=\"u-container-layout u-container-layout-8\"><\/div>\n                      <\/div>\n                      <div class=\"u-carousel-item u-container-align-center u-container-style u-image u-slide u-image-6\" data-image-width=\"1536\" data-image-height=\"2048\" style=\"background-image: url(&quot;https:\/\/drive.deltalog.be\/wp-content\/uploads\/2025\/03\/DriveCity-Detailing-Cuir-Repair-Corvair-18.jpeg&quot;);\">\n                        <div class=\"u-container-layout u-container-layout-9\"><\/div>\n                      <\/div>\n                      <div class=\"u-carousel-item u-container-align-center u-container-style u-image u-slide u-image-7\" data-image-width=\"1536\" data-image-height=\"2048\" style=\"background-image: url(&quot;https:\/\/drive.deltalog.be\/wp-content\/uploads\/2025\/03\/DriveCity-Detailing-Cuir-Repair-Corvair-17.jpeg&quot;);\">\n                        <div class=\"u-container-layout u-container-layout-10\"><\/div>\n                      <\/div>\n                      <div class=\"u-carousel-item u-container-align-center u-container-style u-image u-slide u-image-8\" data-image-width=\"1536\" data-image-height=\"2048\" style=\"background-image: url(&quot;https:\/\/drive.deltalog.be\/wp-content\/uploads\/2025\/03\/DriveCity-Detailing-Cuir-Repair-Corvair-15.jpeg&quot;);\">\n                        <div class=\"u-container-layout u-container-layout-11\"><\/div>\n                      <\/div>\n                      <div class=\"u-carousel-item u-container-align-center u-container-style u-image u-slide u-image-9\" data-image-width=\"1536\" data-image-height=\"2048\" style=\"background-image: url(&quot;https:\/\/drive.deltalog.be\/wp-content\/uploads\/2025\/03\/DriveCity-Detailing-Cuir-Repair-Corvair-16.jpeg&quot;);\">\n                        <div class=\"u-container-layout u-container-layout-12\"><\/div>\n                      <\/div>\n                      <div class=\"u-carousel-item u-container-align-center u-container-style u-image u-slide u-image-10\" data-image-width=\"1536\" data-image-height=\"2048\" style=\"background-image: url(&quot;https:\/\/drive.deltalog.be\/wp-content\/uploads\/2025\/03\/DriveCity-Detailing-Cuir-Repair-Corvair-13.jpeg&quot;);\">\n                        <div class=\"u-container-layout u-container-layout-13\"><\/div>\n                      <\/div>\n                      <div class=\"u-carousel-item u-container-align-center u-container-style u-image u-slide u-image-11\" data-image-width=\"1536\" data-image-height=\"2048\" style=\"background-image: url(&quot;https:\/\/drive.deltalog.be\/wp-content\/uploads\/2025\/03\/DriveCity-Detailing-Cuir-Repair-Corvair-14.jpeg&quot;);\">\n                        <div class=\"u-container-layout u-container-layout-14\"><\/div>\n                      <\/div>\n                      <div class=\"u-carousel-item u-container-align-center u-container-style u-image u-slide u-image-12\" data-image-width=\"960\" data-image-height=\"720\" style=\"background-image: url(&quot;https:\/\/drive.deltalog.be\/wp-content\/uploads\/2025\/03\/DriveCity-Detailing-Cuir-Repair-Corvair-23.jpeg&quot;);\">\n                        <div class=\"u-container-layout u-container-layout-15\"><\/div>\n                      <\/div>\n                      <div class=\"u-carousel-item u-container-align-center u-container-style u-image u-slide u-image-13\" data-image-width=\"960\" data-image-height=\"720\" style=\"background-image: url(&quot;https:\/\/drive.deltalog.be\/wp-content\/uploads\/2025\/03\/DriveCity-Detailing-Cuir-Repair-Corvair-22.jpeg&quot;);\">\n                        <div class=\"u-container-layout u-container-layout-16\"><\/div>\n                      <\/div>\n                      <div class=\"u-carousel-item u-container-align-center u-container-style u-image u-slide u-image-14\" data-image-width=\"1536\" data-image-height=\"2048\" style=\"background-image: url(&quot;https:\/\/drive.deltalog.be\/wp-content\/uploads\/2025\/03\/DriveCity-Detailing-Cuir-Repair-Corvair-11.jpeg&quot;);\">\n                        <div class=\"u-container-layout u-container-layout-17\"><\/div>\n                      <\/div>\n                      <div class=\"u-carousel-item u-container-align-center u-container-style u-image u-slide u-image-15\" data-image-width=\"1536\" data-image-height=\"2048\" style=\"background-image: url(&quot;https:\/\/drive.deltalog.be\/wp-content\/uploads\/2025\/03\/DriveCity-Detailing-Cuir-Repair-Corvair-9.jpeg&quot;);\">\n                        <div class=\"u-container-layout u-container-layout-18\"><\/div>\n                      <\/div>\n                    <\/div>\n                    <a class=\"u-absolute-vcenter u-carousel-control u-carousel-control-prev u-spacing-5 u-text-grey-30 u-carousel-control-3\" href=\"#carousel-7b51\" role=\"button\" data-u-slide=\"prev\">\n                      <span aria-hidden=\"true\">\n                        <svg viewBox=\"0 0 477.175 477.175\"><path d=\"M145.188,238.575l215.5-215.5c5.3-5.3,5.3-13.8,0-19.1s-13.8-5.3-19.1,0l-225.1,225.1c-5.3,5.3-5.3,13.8,0,19.1l225.1,225\n                    c2.6,2.6,6.1,4,9.5,4s6.9-1.3,9.5-4c5.3-5.3,5.3-13.8,0-19.1L145.188,238.575z\"><\/path><\/svg>\n                      <\/span>\n                      <span class=\"sr-only\">Previous<\/span>\n                    <\/a>\n                    <a class=\"u-absolute-vcenter u-carousel-control u-carousel-control-next u-spacing-5 u-text-grey-30 u-carousel-control-4\" href=\"#carousel-7b51\" role=\"button\" data-u-slide=\"next\">\n                      <span aria-hidden=\"true\">\n                        <svg viewBox=\"0 0 477.175 477.175\"><path d=\"M360.731,229.075l-225.1-225.1c-5.3-5.3-13.8-5.3-19.1,0s-5.3,13.8,0,19.1l215.5,215.5l-215.5,215.5\n                    c-5.3,5.3-5.3,13.8,0,19.1c2.6,2.6,6.1,4,9.5,4c3.4,0,6.9-1.3,9.5-4l225.1-225.1C365.931,242.875,365.931,234.275,360.731,229.075z\"><\/path><\/svg>\n                      <\/span>\n                      <span class=\"sr-only\">Next<\/span>\n                    <\/a>\n                  <\/div>\n                <\/div>\n              <\/div>\n            <\/div>\n          <\/div>\n        <\/div>\n      <\/div>\n    <\/section>\n    <section class=\"u-clearfix u-image u-shading u-section-6\" id=\"carousel_dbc2\" data-image-width=\"1600\" data-image-height=\"1066\" style=\"background-image: linear-gradient(0deg, rgba(0, 0, 0, 0.2), rgba(0, 0, 0, 0.2)), url(&quot;https:\/\/drive.deltalog.be\/wp-content\/uploads\/2025\/03\/z.DriveCity-batiment-dpi.jpg?rand=0e2b&quot;);\">\n      <div class=\"u-clearfix u-sheet u-valign-middle u-sheet-1\">\n        <div class=\"data-layout-selected u-clearfix u-expanded-width u-layout-wrap u-layout-wrap-1\">\n          <div class=\"u-layout\">\n            <div class=\"u-layout-row\">\n              <div class=\"u-container-style u-layout-cell u-left-cell u-size-30 u-layout-cell-1\">\n                <div class=\"u-container-layout u-container-layout-1\"><\/div>\n              <\/div>\n              <div class=\"u-align-right u-container-align-right u-container-style u-layout-cell u-right-cell u-size-30 u-layout-cell-2\">\n                <div class=\"u-container-layout u-container-layout-2\">\n                  <p class=\"u-text u-text-body-alt-color u-text-1\"> Heures d'ouverture<br>\n                    <br>Lundi : 14:00 - 18:00<br>Mardi : 14:00 - 18:00<br>Mercredi : 10:00 - 18:00<br>Jeudi : 14:00 - 18:00<br>Vendredi : 10:00 - 18:00<br>\n                    <br>Ou sur rendez-vous\n                  <\/p>\n                <\/div>\n              <\/div>\n            <\/div>\n          <\/div>\n        <\/div>\n      <\/div>\n    <\/section>\n    \n    \n    \n    \n    \n  \n<\/div>","protected":false},"excerpt":{"rendered":"<p>Expert detailing depuis 2004 De l\u2019entretien classique \u00e0 la restauration compl\u00e8te de votre v\u00e9hicule. Restauration du cuir D\u00e9colorations, d\u00e9chirures, \u00e9raflures, \u00e9gratignures ou m\u00eame trous\u202f: nous ma\u00eetrisons l\u2019art de redonner une seconde vie \u00e0 vos surfaces en cuir, avec un r\u00e9sultat proche de l\u2019\u00e9tat d\u2019origine. Optez pour la r\u00e9novation plut\u00f4t que le remplacement\u202f: vous serez \u00e9tonn\u00e9 [&hellip;]<\/p>\n","protected":false},"author":1,"featured_media":0,"parent":0,"menu_order":15,"comment_status":"closed","ping_status":"closed","template":"","meta":{"footnotes":""},"class_list":["post-209","page","type-page","status-publish","hentry"],"_links":{"self":[{"href":"https:\/\/drive.deltalog.be\/index.php\/wp-json\/wp\/v2\/pages\/209","targetHints":{"allow":["GET"]}}],"collection":[{"href":"https:\/\/drive.deltalog.be\/index.php\/wp-json\/wp\/v2\/pages"}],"about":[{"href":"https:\/\/drive.deltalog.be\/index.php\/wp-json\/wp\/v2\/types\/page"}],"author":[{"embeddable":true,"href":"https:\/\/drive.deltalog.be\/index.php\/wp-json\/wp\/v2\/users\/1"}],"replies":[{"embeddable":true,"href":"https:\/\/drive.deltalog.be\/index.php\/wp-json\/wp\/v2\/comments?post=209"}],"version-history":[{"count":1,"href":"https:\/\/drive.deltalog.be\/index.php\/wp-json\/wp\/v2\/pages\/209\/revisions"}],"predecessor-version":[{"id":232,"href":"https:\/\/drive.deltalog.be\/index.php\/wp-json\/wp\/v2\/pages\/209\/revisions\/232"}],"wp:attachment":[{"href":"https:\/\/drive.deltalog.be\/index.php\/wp-json\/wp\/v2\/media?parent=209"}],"curies":[{"name":"wp","href":"https:\/\/api.w.org\/{rel}","templated":true}]}}