{"id":202,"date":"2025-03-07T11:31:03","date_gmt":"2025-03-07T10:31:03","guid":{"rendered":"https:\/\/drive.deltalog.be\/index.php\/accueil\/"},"modified":"2025-03-07T11:35:51","modified_gmt":"2025-03-07T10:35:51","slug":"accueil","status":"publish","type":"page","link":"https:\/\/drive.deltalog.be\/","title":{"rendered":"Accueil"},"content":{"rendered":"<div class=\"\" style=\"\" >\n  \n    <section class=\"u-clearfix u-section-1\" id=\"block-3\">\n      <div class=\"u-clearfix u-sheet u-sheet-1\">\n        <div class=\"custom-expanded u-video u-video-cover u-video-1\">\n          <div class=\"embed-responsive\">\n            <video class=\"embed-responsive-item\" data-autoplay=\"1\" muted=\"1\" autoplay=\"autoplay\" playsinline=\"\">\n              <source src=\"https:\/\/drv.drivecity.be\/video\/vid2dc.mp4\" type=\"video\/mp4\">\n              <p>Your browser does not support HTML5 video.<\/p>\n            <\/video>\n          <\/div>\n        <\/div>\n        <div class=\"custom-expanded u-container-style u-group u-shading u-group-1\">\n          <div class=\"u-container-layout u-container-layout-1\">\n            <h2 class=\"u-align-center u-custom-font u-font-lato u-text u-text-1\"> Con\u00e7u sp\u00e9cialement par des passionn\u00e9s d'automobiles, DriveCity propose une gamme compl\u00e8te de services d\u00e9di\u00e9s aux v\u00e9hicules anciens, sportifs et d\u2019exception. C\u2019est l\u2019endroit id\u00e9al pour partager votre passion\n avec la n\u00f4tre.<\/h2>\n          <\/div>\n        <\/div>\n        <div class=\"u-expanded-width-md u-expanded-width-sm u-expanded-width-xs u-list u-list-1\">\n          <div class=\"u-repeater u-repeater-1\">\n            <div class=\"u-container-style u-list-item u-repeater-item\" data-href=\"https:\/\/drive.deltalog.be\/index.php\/sales\/\">\n              <div class=\"u-container-layout u-similar-container u-container-layout-2\">\n                <img decoding=\"async\" class=\"u-expanded-width u-image u-image-1\" src=\"https:\/\/drive.deltalog.be\/wp-content\/uploads\/2025\/03\/DSC04056-Avecaccentuation-Bruit.jpg\" data-image-width=\"5065\" data-image-height=\"3376\" data-href=\"https:\/\/drive.deltalog.be\/index.php\/classics\/\" title=\"Classics\">\n                <div class=\"fr-view u-clearfix u-rich-text u-text u-text-2\">\n                  <h1>\n                    <span class=\"u-custom-font u-font-lato\" style=\"font-style: italic; font-size: 2.25rem;\">SALES<\/span>\n                  <\/h1>\n                <\/div>\n              <\/div>\n            <\/div>\n            <div class=\"u-container-style u-list-item u-repeater-item\" data-href=\"https:\/\/drive.deltalog.be\/index.php\/enginering\/\">\n              <div class=\"u-container-layout u-similar-container u-container-layout-3\">\n                <img decoding=\"async\" class=\"u-expanded-width u-image u-image-2\" src=\"https:\/\/drive.deltalog.be\/wp-content\/uploads\/2025\/03\/DriveCity-engineering-8.jpg\" data-image-width=\"1500\" data-image-height=\"1000\" data-href=\"https:\/\/drive.deltalog.be\/index.php\/enginering\/\" title=\"Enginering\">\n                <div class=\"fr-view u-clearfix u-rich-text u-text u-text-3\">\n                  <h1>\n                    <span class=\"u-custom-font u-font-lato\" style=\"font-size: 2.25rem; font-style: italic;\">ENGINEERING<\/span>\n                  <\/h1>\n                <\/div>\n              <\/div>\n            <\/div>\n            <div class=\"u-container-style u-list-item u-repeater-item\" data-href=\"https:\/\/drive.deltalog.be\/index.php\/events\/\">\n              <div class=\"u-container-layout u-similar-container u-container-layout-4\">\n                <img decoding=\"async\" class=\"u-expanded-width u-image u-image-3\" src=\"https:\/\/drive.deltalog.be\/wp-content\/uploads\/2025\/03\/0070_DRIVECITY_INAUGURATION_12-10-2023-20231012-402760_WEB.jpg\" data-image-width=\"1024\" data-image-height=\"683\" data-href=\"https:\/\/drive.deltalog.be\/index.php\/events\/\" title=\"Events\">\n                <div class=\"fr-view u-clearfix u-rich-text u-text u-text-4\">\n                  <h1>\n                    <span class=\"u-custom-font u-font-lato\" style=\"font-size: 2.25rem; font-style: italic;\">EVENTS<\/span>\n                  <\/h1>\n                <\/div>\n              <\/div>\n            <\/div>\n            <div class=\"u-container-style u-list-item u-repeater-item\">\n              <div class=\"u-container-layout u-similar-container u-container-layout-5\">\n                <img decoding=\"async\" class=\"u-expanded-width u-image u-image-4\" src=\"https:\/\/drive.deltalog.be\/wp-content\/uploads\/2025\/03\/683A6784-Edit_web-72dpi.jpg\" data-image-width=\"1500\" data-image-height=\"1000\">\n                <div class=\"fr-view u-clearfix u-rich-text u-text u-text-5\">\n                  <h1>\n                    <span class=\"u-custom-font u-font-lato\" style=\"font-size: 2.25rem; font-style: italic;\">SERVICES<\/span>\n                  <\/h1>\n                <\/div>\n              <\/div>\n            <\/div>\n          <\/div>\n        <\/div>\n      <\/div>\n    <\/section>\n    <section class=\"u-clearfix u-custom-color-3 u-section-2\" id=\"sec-473d\">\n      <div class=\"u-clearfix u-sheet u-sheet-1\">\n        <div class=\"fr-view u-clearfix u-rich-text u-text u-text-1\"><\/div>\n        <div class=\"u-container-style u-expanded-width u-group u-shape-rectangle u-group-1\">\n          <div class=\"u-container-layout u-container-layout-1\">\n            <p class=\"u-custom-font u-font-lato u-text u-text-default u-text-2\">La Libre <\/p>\n            <p class=\"u-custom-font u-font-lato u-text u-text-3\">\"DriveCity : l'un des plus beaux garages du monde se trouve \u00e0 Nivelles <br>&nbsp;\u00c0 Nivelles, un complexe de 7 000 m\u00b2 abrite dor\u00e9navant toutes les activit\u00e9s li\u00e9es \u00e0 l'automobile ancienne. <br>L'impression de rentrer dans l'un des plus beaux garages du monde. Voil\u00e0 ce que le visiteur ressent en p\u00e9n\u00e9trant dans le complexe \"DriveCity\" situ\u00e9 \u00e0 Nivelles, soit \u00e0 moins de 50 km de Bruxelles. On s'y prom\u00e8ne parmi de nombreux mod\u00e8les des plus grandes marques de l'histoire de l'automobile : Aston Martin, Maserati, MG, Alfa, Ferrari, Lamborghini\u2026 Certains v\u00e9hicules expos\u00e9s sont destin\u00e9s \u00e0 la vente, d'autres attendent d'\u00eatre entretenus, r\u00e9par\u00e9s, bichonn\u00e9s. Des voitures de collection qui datent, pour la plupart des ann\u00e9es '50, 60 et 70.\u200b\"\n            <\/p>\n          <\/div>\n        <\/div>\n        <div class=\"u-container-style u-expanded-width u-group u-shape-rectangle u-group-2\">\n          <div class=\"u-container-layout u-container-layout-2\">\n            <p class=\"u-custom-font u-font-lato u-text u-text-default u-text-4\">L'Echo - revue Sabato : <\/p>\n            <p class=\"u-custom-font u-font-lato u-text u-text-5\"> \"Garage avec service, member's club, lieu o\u00f9 vous achetez des voitures de classe mondiale. DriveCity \u00e0 Nivelles r\u00e9unit tout cela sur plus de 7.000 m\u00b2.\"<\/p>\n          <\/div>\n        <\/div>\n        <div class=\"u-container-style u-expanded-width u-group u-shape-rectangle u-group-3\">\n          <div class=\"u-container-layout u-container-layout-3\">\n            <p class=\"u-custom-font u-font-lato u-text u-text-default u-text-6\"> Sud-Info : <\/p>\n            <p class=\"u-custom-font u-font-lato u-text u-text-7\"> \"DriveCity&nbsp;: un lieu unique pour des voitures d\u2019exception \u00e0 Nivelles<br> Nous avons pouss\u00e9 la porte de DriveCity, une entreprise nivelloise enti\u00e8rement d\u00e9di\u00e9e aux oldtimers. Dans l\u2019immense b\u00e2timent, on retrouve des voitures de collection \u00e0 vendre, mais aussi un atelier de r\u00e9novation, d\u2019entretien et de m\u00e9canique, un club pour les passionn\u00e9s, un espace pour laisser vos voitures en s\u00e9curit\u00e9 et un espace \u00e9v\u00e9nementiel de 500m2, qui surplombe quelques v\u00e9hicules d\u2019exception.\"\n            <\/p>\n          <\/div>\n        <\/div>\n      <\/div>\n    <\/section>\n    <section class=\"u-black u-clearfix u-section-3\" id=\"block-1\">\n      <div class=\"u-clearfix u-sheet u-sheet-1\">\n        <p class=\"u-align-center u-text u-text-default u-text-1\">PARTNERS<\/p>\n        <img decoding=\"async\" class=\"custom-expanded u-image u-image-contain u-image-1\" src=\"https:\/\/drive.deltalog.be\/wp-content\/uploads\/2025\/03\/VdH_logo1V-White.png\" data-image-width=\"1772\" data-image-height=\"900\" data-href=\"https:\/\/www.vdh.be\/fr\/?s=drivecity.\">\n      <\/div>\n    <\/section>\n    <section class=\"u-clearfix u-image u-shading u-section-4\" id=\"carousel_dbc2\" data-image-width=\"1600\" data-image-height=\"1066\" style=\"background-image: linear-gradient(0deg, rgba(0, 0, 0, 0.2), rgba(0, 0, 0, 0.2)), url(&quot;https:\/\/drive.deltalog.be\/wp-content\/uploads\/2025\/03\/z.DriveCity-batiment-dpi.jpg&quot;);\">\n      <div class=\"u-clearfix u-sheet u-valign-middle u-sheet-1\">\n        <div class=\"data-layout-selected u-clearfix u-expanded-width u-layout-wrap u-layout-wrap-1\">\n          <div class=\"u-layout\">\n            <div class=\"u-layout-row\">\n              <div class=\"u-container-style u-layout-cell u-left-cell u-size-30 u-layout-cell-1\">\n                <div class=\"u-container-layout u-container-layout-1\"><\/div>\n              <\/div>\n              <div class=\"u-align-right u-container-align-right u-container-style u-layout-cell u-right-cell u-size-30 u-layout-cell-2\">\n                <div class=\"u-container-layout u-container-layout-2\">\n                  <p class=\"u-text u-text-body-alt-color u-text-1\"> Heures d'ouverture<br>\n                    <br>Lundi : 14:00 - 18:00<br>Mardi : 14:00 - 18:00<br>Mercredi : 10:00 - 18:00<br>Jeudi : 14:00 - 18:00<br>Vendredi : 10:00 - 18:00<br>\n                    <br>Ou sur rendez-vous\n                  <\/p>\n                <\/div>\n              <\/div>\n            <\/div>\n          <\/div>\n        <\/div>\n      <\/div>\n    <\/section>\n    \n    \n    \n    \n    \n  \n<\/div>","protected":false},"excerpt":{"rendered":"<p>Your browser does not support HTML5 video. Con\u00e7u sp\u00e9cialement par des passionn\u00e9s d&#8217;automobiles, DriveCity propose une gamme compl\u00e8te de services d\u00e9di\u00e9s aux v\u00e9hicules anciens, sportifs et d\u2019exception. C\u2019est l\u2019endroit id\u00e9al pour partager votre passion avec la n\u00f4tre. SALES ENGINEERING EVENTS SERVICES La Libre &#8220;DriveCity : l&#8217;un des plus beaux garages du monde se trouve \u00e0 [&hellip;]<\/p>\n","protected":false},"author":1,"featured_media":0,"parent":0,"menu_order":8,"comment_status":"closed","ping_status":"closed","template":"","meta":{"footnotes":""},"class_list":["post-202","page","type-page","status-publish","hentry"],"_links":{"self":[{"href":"https:\/\/drive.deltalog.be\/index.php\/wp-json\/wp\/v2\/pages\/202","targetHints":{"allow":["GET"]}}],"collection":[{"href":"https:\/\/drive.deltalog.be\/index.php\/wp-json\/wp\/v2\/pages"}],"about":[{"href":"https:\/\/drive.deltalog.be\/index.php\/wp-json\/wp\/v2\/types\/page"}],"author":[{"embeddable":true,"href":"https:\/\/drive.deltalog.be\/index.php\/wp-json\/wp\/v2\/users\/1"}],"replies":[{"embeddable":true,"href":"https:\/\/drive.deltalog.be\/index.php\/wp-json\/wp\/v2\/comments?post=202"}],"version-history":[{"count":1,"href":"https:\/\/drive.deltalog.be\/index.php\/wp-json\/wp\/v2\/pages\/202\/revisions"}],"predecessor-version":[{"id":225,"href":"https:\/\/drive.deltalog.be\/index.php\/wp-json\/wp\/v2\/pages\/202\/revisions\/225"}],"wp:attachment":[{"href":"https:\/\/drive.deltalog.be\/index.php\/wp-json\/wp\/v2\/media?parent=202"}],"curies":[{"name":"wp","href":"https:\/\/api.w.org\/{rel}","templated":true}]}}