{"id":199,"date":"2025-03-07T11:31:00","date_gmt":"2025-03-07T10:31:00","guid":{"rendered":"https:\/\/drive.deltalog.be\/index.php\/storage\/"},"modified":"2025-03-07T11:31:14","modified_gmt":"2025-03-07T10:31:14","slug":"storage","status":"publish","type":"page","link":"https:\/\/drive.deltalog.be\/index.php\/storage\/","title":{"rendered":"Storage"},"content":{"rendered":"<div class=\"\" style=\"\" >\n  \n    <section class=\"u-clearfix u-image u-shading u-section-1\" id=\"block-1\" data-image-width=\"1600\" data-image-height=\"1066\" style=\"background-image: linear-gradient(0deg, rgba(0, 0, 0, 0.2), rgba(0, 0, 0, 0.2)), url(&quot;https:\/\/drive.deltalog.be\/wp-content\/uploads\/2025\/03\/z.DriveCity-batiment-dpi.jpg?rand=37b4&quot;);\">\n      <div class=\"u-clearfix u-sheet u-sheet-1\">\n        <div class=\"u-align-center u-container-align-center u-container-style u-group u-shading u-group-1\">\n          <div class=\"u-container-layout u-container-layout-1\"><\/div>\n        <\/div>\n        <div class=\"u-container-style u-group u-shading u-group-2\">\n          <div class=\"u-container-layout u-valign-middle u-container-layout-2\">\n            <div class=\"fr-view u-align-left u-clearfix u-rich-text u-text u-text-1\">\n              <p id=\"isPasted\" style=\"line-height: 1.1;\">\n                <span>\n                  <span class=\"u-custom-font u-font-lato\" style=\"font-size: 1.25rem;\">R\u00e9servez votre place d\u00e8s aujourd\u2019hui<\/span>\n                <\/span>\n              <\/p>\n              <p style=\"line-height: 1.1;\">\n                <span style=\"font-size: 1.125rem;\">\n                  <span class=\"u-custom-font u-font-lato\">Avec plus de 65 emplacements disponibles, nous offrons des places de parking int\u00e9rieures dans des conditions optimales de s\u00e9curit\u00e9 et d\u2019entretien. Une gamme de services \u00e0 la carte est \u00e9galement disponible pour r\u00e9pondre \u00e0 vos besoins sp\u00e9cifiques.&nbsp;<\/span>\n                <\/span>\n              <\/p>\n              <p style=\"line-height: 1;\">\n                <span style=\"font-size: 1.125rem;\">\n                  <span class=\"u-custom-font u-font-lato\">T\u00e9l\u00e9phone : +32 474 89 92 16&nbsp;<\/span>\n                <\/span>\n              <\/p>\n              <p style=\"line-height: 1;\">\n                <span style=\"font-size: 1.125rem;\">\n                  <span class=\"u-custom-font u-font-lato\">Email : nn@drivecity.be<\/span>\n                <\/span>\n              <\/p>\n            <\/div>\n          <\/div>\n        <\/div>\n      <\/div>\n    <\/section>\n    <section class=\"u-clearfix u-shading u-section-2\" id=\"block-2\">\n      <div class=\"u-clearfix u-sheet u-sheet-1\">\n        <div class=\"data-layout-selected u-clearfix u-expanded-width u-layout-wrap u-layout-wrap-1\">\n          <div class=\"u-layout\">\n            <div class=\"u-layout-row\">\n              <div class=\"u-container-style u-layout-cell u-size-20 u-layout-cell-1\">\n                <div class=\"u-container-layout u-valign-top u-container-layout-1\">\n                  <div class=\"fr-view u-clearfix u-rich-text u-text u-text-1\">\n                    <p id=\"isPasted\">\n                      <span class=\"u-custom-font u-font-lato\" style=\"font-size: 1.5rem;\">24\/7<\/span>\n                    <\/p>\n                    <p style=\"line-height: 1.2;\">\n                      <span class=\"u-custom-font u-font-lato\">Notre parking est accessible tous les jours, 24 heures sur 24 et 7 jours sur 7. Gr\u00e2ce \u00e0 votre badge personnel, l\u2019entr\u00e9e est simple, rapide et s\u00e9curis\u00e9e.<\/span>\n                    <\/p>\n                  <\/div>\n                <\/div>\n              <\/div>\n              <div class=\"u-container-style u-layout-cell u-size-20 u-layout-cell-2\">\n                <div class=\"u-container-layout u-valign-top u-container-layout-2\">\n                  <div class=\"fr-view u-clearfix u-rich-text u-text u-text-2\">\n                    <p id=\"isPasted\">\n                      <span class=\"u-custom-font u-font-lato\" style=\"font-size: 1.5rem;\">Emplacement strat\u00e9gique<\/span>\n                    <\/p>\n                    <p style=\"line-height: 1.2;\">\n                      <span class=\"u-custom-font u-font-lato\">Notre parking est accessible tous les jours, 24 heures sur 24 et 7 jours sur 7. Gr\u00e2ce \u00e0 votre badge personnel, l\u2019entr\u00e9e est simple, rapide et s\u00e9curis\u00e9e.<\/span>\n                    <\/p>\n                  <\/div>\n                  <h4 class=\"u-text u-text-3\">\n                    <a class=\"u-active-none u-border-none u-btn u-button-link u-button-style u-custom-font u-font-lato u-hover-none u-none u-text-palette-1-base u-btn-1\" href=\"https:\/\/goo.gl\/maps\/ZGmjStg6cajHsAez5\"> Comment s\u2019y rendre ?<\/a>\n                  <\/h4>\n                <\/div>\n              <\/div>\n              <div class=\"u-container-style u-layout-cell u-size-20 u-layout-cell-3\">\n                <div class=\"u-container-layout u-container-layout-3\">\n                  <div class=\"fr-view u-clearfix u-rich-text u-text u-text-4\">\n                    <p id=\"isPasted\">\n                      <span class=\"u-custom-font u-font-lato\" style=\"font-size: 1.5rem;\">Prix<\/span>\n                    <\/p>\n                    <p style=\"line-height: 1.2;\">\n                      <span style=\"font-size: 1rem;\">\n                        <span class=\"u-custom-font u-font-lato\">R\u00e9servez votre place \u00e0 partir de 160 \u20ac HTVA par mois. Pour conna\u00eetre toutes les options disponibles ou obtenir un devis personnalis\u00e9, n\u2019h\u00e9sitez pas \u00e0 nous contacter.&nbsp;<\/span>\n                      <\/span>\n                    <\/p>\n                    <p style=\"line-height: 1.2;\">\n                      <span style=\"font-size: 1rem;\">\n                        <span class=\"u-custom-font u-font-lato\">GSM : +32 474 89 92 16&nbsp;<\/span>\n                      <\/span>\n                    <\/p>\n                    <p style=\"line-height: 1.2;\">\n                      <span style=\"font-size: 1rem;\">\n                        <span class=\"u-custom-font u-font-lato\">Email : nn@drivecity.be<\/span>\n                      <\/span>\n                    <\/p>\n                  <\/div>\n                <\/div>\n              <\/div>\n            <\/div>\n          <\/div>\n        <\/div>\n      <\/div>\n    <\/section>\n    <section class=\"u-clearfix u-shading u-section-3\" id=\"block-3\">\n      <div class=\"u-clearfix u-sheet u-sheet-1\">\n        <div class=\"data-layout-selected u-clearfix u-expanded-width u-layout-wrap u-layout-wrap-1\">\n          <div class=\"u-layout\">\n            <div class=\"u-layout-row\">\n              <div class=\"u-size-30\">\n                <div class=\"u-layout-col\">\n                  <div class=\"u-container-align-center u-container-style u-effect-hover-zoom u-layout-cell u-size-60 u-layout-cell-1\" data-image-width=\"2000\" data-image-height=\"3000\">\n                    <div class=\"u-background-effect u-expanded\">\n                      <div class=\"u-background-effect-image u-expanded u-image u-image-1\" data-image-width=\"2000\" data-image-height=\"3000\" style=\"background-image: url(&quot;https:\/\/drive.deltalog.be\/wp-content\/uploads\/2025\/03\/20231217-DriveCity-Storage-72dpi-12.jpg&quot;);\"><\/div>\n                    <\/div>\n                    <div class=\"u-container-layout u-container-layout-1\"><\/div>\n                  <\/div>\n                <\/div>\n              <\/div>\n              <div class=\"u-size-30\">\n                <div class=\"u-layout-col\">\n                  <div class=\"u-container-align-center u-container-style u-effect-hover-slide u-layout-cell u-size-30 u-layout-cell-2\" data-image-width=\"1500\" data-image-height=\"1000\">\n                    <div class=\"u-background-effect u-expanded\">\n                      <div class=\"u-background-effect-image u-effect-hover-slide-direction-left u-expanded u-image u-image-2\" data-image-width=\"1500\" data-image-height=\"1000\" style=\"background-image: url(&quot;https:\/\/drive.deltalog.be\/wp-content\/uploads\/2025\/03\/DriveCity-storage-1.jpg&quot;);\"><\/div>\n                    <\/div>\n                    <div class=\"u-container-layout u-container-layout-2\"><\/div>\n                  <\/div>\n                  <div class=\"u-container-align-center u-container-style u-image u-layout-cell u-size-30 u-image-3\" data-image-width=\"2000\" data-image-height=\"1333\" style=\"background-image: url(&quot;https:\/\/drive.deltalog.be\/wp-content\/uploads\/2025\/03\/20231217-DriveCity-Storage-72dpi-18.jpg&quot;);\">\n                    <div class=\"u-container-layout u-container-layout-3\"><\/div>\n                  <\/div>\n                <\/div>\n              <\/div>\n            <\/div>\n          <\/div>\n        <\/div>\n      <\/div>\n    <\/section>\n    <section class=\"u-clearfix u-shading u-section-4\" id=\"block-4\">\n      <div class=\"u-clearfix u-sheet u-sheet-1\">\n        <div class=\"fr-view u-clearfix u-rich-text u-text u-text-1\">\n          <p id=\"isPasted\">\n            <span style=\"font-size: 2.25rem; font-weight: 700;\">CONTACT<\/span>\n          <\/p>\n          <p style=\"line-height: 1;\">\n            <span style=\"font-size: 1.5rem;\">Nicolas Nelson<\/span>\n          <\/p>\n          <p style=\"line-height: 1;\">\n            <span style=\"font-size: 1.5rem;\">email : nn@drivecity.be<\/span>\n          <\/p>\n          <p style=\"line-height: 1;\">\n            <span style=\"font-size: 1.5rem;\">GSM : \u202d\u202d+32 474 89 92 16\u202c<\/span>\n          <\/p>\n        <\/div>\n      <\/div>\n    <\/section>\n    <section class=\"u-clearfix u-image u-shading u-section-5\" id=\"carousel_dbc2\" data-image-width=\"1600\" data-image-height=\"1066\" style=\"background-image: linear-gradient(0deg, rgba(0, 0, 0, 0.2), rgba(0, 0, 0, 0.2)), url(&quot;https:\/\/drive.deltalog.be\/wp-content\/uploads\/2025\/03\/z.DriveCity-batiment-dpi.jpg?rand=d8f3&quot;);\">\n      <div class=\"u-clearfix u-sheet u-valign-middle u-sheet-1\">\n        <div class=\"data-layout-selected u-clearfix u-expanded-width u-layout-wrap u-layout-wrap-1\">\n          <div class=\"u-layout\">\n            <div class=\"u-layout-row\">\n              <div class=\"u-container-style u-layout-cell u-left-cell u-size-30 u-layout-cell-1\">\n                <div class=\"u-container-layout u-container-layout-1\"><\/div>\n              <\/div>\n              <div class=\"u-align-right u-container-align-right u-container-style u-layout-cell u-right-cell u-size-30 u-layout-cell-2\">\n                <div class=\"u-container-layout u-container-layout-2\">\n                  <p class=\"u-text u-text-body-alt-color u-text-1\"> Heures d'ouverture<br>\n                    <br>Lundi : 14:00 - 18:00<br>Mardi : 14:00 - 18:00<br>Mercredi : 10:00 - 18:00<br>Jeudi : 14:00 - 18:00<br>Vendredi : 10:00 - 18:00<br>\n                    <br>Ou sur rendez-vous\n                  <\/p>\n                <\/div>\n              <\/div>\n            <\/div>\n          <\/div>\n        <\/div>\n      <\/div>\n    <\/section>\n    \n    \n    \n    \n    \n  \n<\/div>","protected":false},"excerpt":{"rendered":"<p>R\u00e9servez votre place d\u00e8s aujourd\u2019hui Avec plus de 65 emplacements disponibles, nous offrons des places de parking int\u00e9rieures dans des conditions optimales de s\u00e9curit\u00e9 et d\u2019entretien. Une gamme de services \u00e0 la carte est \u00e9galement disponible pour r\u00e9pondre \u00e0 vos besoins sp\u00e9cifiques.&nbsp; T\u00e9l\u00e9phone : +32 474 89 92 16&nbsp; Email : nn@drivecity.be 24\/7 Notre parking [&hellip;]<\/p>\n","protected":false},"author":1,"featured_media":0,"parent":0,"menu_order":5,"comment_status":"closed","ping_status":"closed","template":"","meta":{"footnotes":""},"class_list":["post-199","page","type-page","status-publish","hentry"],"_links":{"self":[{"href":"https:\/\/drive.deltalog.be\/index.php\/wp-json\/wp\/v2\/pages\/199","targetHints":{"allow":["GET"]}}],"collection":[{"href":"https:\/\/drive.deltalog.be\/index.php\/wp-json\/wp\/v2\/pages"}],"about":[{"href":"https:\/\/drive.deltalog.be\/index.php\/wp-json\/wp\/v2\/types\/page"}],"author":[{"embeddable":true,"href":"https:\/\/drive.deltalog.be\/index.php\/wp-json\/wp\/v2\/users\/1"}],"replies":[{"embeddable":true,"href":"https:\/\/drive.deltalog.be\/index.php\/wp-json\/wp\/v2\/comments?post=199"}],"version-history":[{"count":1,"href":"https:\/\/drive.deltalog.be\/index.php\/wp-json\/wp\/v2\/pages\/199\/revisions"}],"predecessor-version":[{"id":222,"href":"https:\/\/drive.deltalog.be\/index.php\/wp-json\/wp\/v2\/pages\/199\/revisions\/222"}],"wp:attachment":[{"href":"https:\/\/drive.deltalog.be\/index.php\/wp-json\/wp\/v2\/media?parent=199"}],"curies":[{"name":"wp","href":"https:\/\/api.w.org\/{rel}","templated":true}]}}