{"id":198,"date":"2025-03-07T11:30:59","date_gmt":"2025-03-07T10:30:59","guid":{"rendered":"https:\/\/drive.deltalog.be\/index.php\/enginering\/"},"modified":"2025-03-07T11:31:13","modified_gmt":"2025-03-07T10:31:13","slug":"enginering","status":"publish","type":"page","link":"https:\/\/drive.deltalog.be\/index.php\/enginering\/","title":{"rendered":"Enginering"},"content":{"rendered":"<div class=\"\" style=\"\" >\n  \n    <section class=\"u-clearfix u-image u-shading u-section-1\" id=\"block-1\" data-image-width=\"1500\" data-image-height=\"1000\" style=\"background-image: linear-gradient(0deg, rgba(0, 0, 0, 0.2), rgba(0, 0, 0, 0.2)), url(&quot;https:\/\/drive.deltalog.be\/wp-content\/uploads\/2025\/03\/20230927-DriveCity-72dpi-4.jpg&quot;);\">\n      <div class=\"u-clearfix u-sheet u-sheet-1\">\n        <div class=\"u-align-center u-container-align-center u-container-style u-group u-shading u-group-1\">\n          <div class=\"u-container-layout u-container-layout-1\"><\/div>\n        <\/div>\n        <h4 class=\"u-align-center u-text u-text-default u-text-1\"> Engineering by Mekabox <\/h4>\n      <\/div>\n    <\/section>\n    <section class=\"u-clearfix u-shading u-section-2\" id=\"block-2\">\n      <div class=\"u-clearfix u-sheet u-sheet-1\">\n        <h2 class=\"u-align-center u-text u-text-1\"> DriveCity Engineering by Mekabox est un atelier m\u00e9canique sp\u00e9cialis\u00e9 dans l\u2019entretien et la restauration des voitures anciennes. Il offre un service complet et une prise en charge personnalis\u00e9e pour pr\u00e9server et sublimer vos v\u00e9hicules de collection.<br>Situ\u00e9 dans la r\u00e9gion du Brabant Wallon en Belgique, l\u2019atelier Mekabox r\u00e9pondra \u00e0 toutes vos demandes gr\u00e2ce \u00e0 son exp\u00e9rience, sa main d\u2019\u0153uvre qualifi\u00e9e et ses \u00e9quipements sp\u00e9cialis\u00e9s. Venez nous visiter et laissez-vous convaincre par notre passion.\n        <\/h2>\n      <\/div>\n    <\/section>\n    <section class=\"u-align-center u-clearfix u-container-align-center u-section-3\" id=\"block-3\">\n      <div class=\"u-align-left u-clearfix u-sheet u-valign-middle u-sheet-1\">\n        <div class=\"u-expanded-width u-list u-list-1\">\n          <div class=\"u-repeater u-repeater-1\">\n            <div class=\"u-container-style u-list-item u-repeater-item\">\n              <div class=\"u-container-layout u-similar-container u-valign-top u-container-layout-1\">\n                <span class=\"u-align-center u-file-icon u-icon u-text-palette-2-base u-icon-1\"><img decoding=\"async\" src=\"https:\/\/drive.deltalog.be\/wp-content\/uploads\/2025\/03\/8633fb92.png\" alt=\"\"><\/span>\n                <h3 class=\"u-align-center u-text u-text-default u-text-1\">Services <\/h3>\n                <a href=\"\" class=\"u-active-none u-align-center u-border-2 u-border-hover-palette-2-base u-border-no-left u-border-no-right u-border-no-top u-border-palette-2-light-1 u-btn u-button-style u-hover-none u-none u-text-body-color u-btn-1\">learn more<\/a>\n                <div class=\"fr-view u-clearfix u-rich-text u-text u-text-2\">\n                  <p>Entretien \u2013 R\u00e9parations \u2013 Restauration \u2013 Am\u00e9lioration<\/p>\n                  <div><\/div>\n                  <p>DriveCity Engineering r\u00e9alise tous types d\u2019interventions n\u00e9cessaires pour assurer la long\u00e9vit\u00e9 et la performance de votre voiture classique. Notre expertise englobe les travaux de maintenance r\u00e9guli\u00e8re, la restauration minutieuse, et les am\u00e9liorations m\u00e9caniques ou esth\u00e9tiques.<\/p>\n                <\/div>\n              <\/div>\n            <\/div>\n            <div class=\"u-container-style u-list-item u-repeater-item\">\n              <div class=\"u-container-layout u-similar-container u-valign-top u-container-layout-2\">\n                <span class=\"u-align-center u-file-icon u-icon u-text-palette-2-base u-icon-2\"><img decoding=\"async\" src=\"https:\/\/drive.deltalog.be\/wp-content\/uploads\/2025\/03\/eb412d08.png\" alt=\"\"><\/span>\n                <h3 class=\"u-align-center u-text u-text-default u-text-3\">Compl\u00e9ments <\/h3>\n                <a href=\"\" class=\"u-active-none u-align-center u-border-2 u-border-hover-palette-2-base u-border-no-left u-border-no-right u-border-no-top u-border-palette-2-light-1 u-btn u-button-style u-hover-none u-none u-text-body-color u-btn-2\">learn more<\/a>\n                <div class=\"fr-view u-clearfix u-rich-text u-text u-text-4\">\n                  <ul id=\"isPasted\" style=\"box-sizing: border-box; margin-block: 0px; border: 0px; outline: 0px; font-size: 15px; vertical-align: baseline; background: rgb(0, 0, 0); color: rgb(255, 255, 255); font-family: Lato, sans-serif; font-style: normal; font-variant-ligatures: normal; font-variant-caps: normal; font-weight: 400; letter-spacing: normal; orphans: 2; text-align: left; text-indent: 0px; text-transform: none; widows: 2; word-spacing: 0px; -webkit-text-stroke-width: 0px; white-space: normal; text-decoration-thickness: initial; text-decoration-style: initial; text-decoration-color: initial;\">\n                    <li style=\"box-sizing: border-box; margin-block: 0px; border: 0px; outline: 0px; font-size: 15px; vertical-align: baseline; background: transparent;\">\n                      <span style=\"font-weight: 700;\">D\u00e9pannage &amp; Remorquage<\/span> : Assistance rapide pour transporter vos v\u00e9hicules en toute s\u00e9curit\u00e9.\n                    <\/li>\n                    <li style=\"box-sizing: border-box; margin-block: 0px; border: 0px; outline: 0px; font-size: 15px; vertical-align: baseline; background: transparent;\">\n                      <span style=\"font-weight: 700;\">Transport &amp; Logistique<\/span> : Solutions de transport sp\u00e9cialis\u00e9es pour vos v\u00e9hicules de prestige.\n                    <\/li>\n                    <li style=\"box-sizing: border-box; margin-block: 0px; border: 0px; outline: 0px; font-size: 15px; vertical-align: baseline; background: transparent;\">\n                      <span style=\"font-weight: 700;\">Covering &amp; Detailing<\/span> : Protection et mise en valeur de votre v\u00e9hicule gr\u00e2ce \u00e0 des traitements de carrosseries ou d\u2019int\u00e9rieurs haut de gamme.\n                    <\/li>\n                    <li style=\"box-sizing: border-box; margin-block: 0px; border: 0px; outline: 0px; font-size: 15px; vertical-align: baseline; background: transparent;\">\n                      <span style=\"font-weight: 700;\">Expertise &amp; Contr\u00f4le Technique<\/span> : Conseils et accompagnement &nbsp;de votre v\u00e9hicule.\n                    <\/li>\n                  <\/ul>\n                <\/div>\n              <\/div>\n            <\/div>\n            <div class=\"u-container-style u-list-item u-repeater-item\">\n              <div class=\"u-container-layout u-similar-container u-valign-top u-container-layout-3\">\n                <span class=\"u-align-center u-file-icon u-icon u-text-palette-2-base u-icon-3\"><img decoding=\"async\" src=\"https:\/\/drive.deltalog.be\/wp-content\/uploads\/2025\/03\/eacef07a.png\" alt=\"\"><\/span>\n                <h3 class=\"u-align-center u-text u-text-default u-text-5\">Accessoires <\/h3>\n                <a href=\"\" class=\"u-active-none u-align-center u-border-2 u-border-hover-palette-2-base u-border-no-left u-border-no-right u-border-no-top u-border-palette-2-light-1 u-btn u-button-style u-hover-none u-none u-text-body-color u-btn-3\">learn more<\/a>\n                <div class=\"fr-view u-clearfix u-rich-text u-text u-text-6\">\n                  <ul id=\"isPasted\" style=\"box-sizing: border-box; margin-block: 0px; border: 0px; outline: 0px; font-size: 15px; vertical-align: baseline; background: rgb(0, 0, 0); color: rgb(255, 255, 255); font-family: Lato, sans-serif; font-style: normal; font-variant-ligatures: normal; font-variant-caps: normal; font-weight: 400; letter-spacing: normal; orphans: 2; text-align: left; text-indent: 0px; text-transform: none; widows: 2; word-spacing: 0px; -webkit-text-stroke-width: 0px; white-space: normal; text-decoration-thickness: initial; text-decoration-style: initial; text-decoration-color: initial;\">\n                    <li style=\"box-sizing: border-box; margin-block: 0px; border: 0px; outline: 0px; font-size: 15px; vertical-align: baseline; background: transparent;\">\n                      <span style=\"font-weight: 700;\">Produits d\u2019entretien<\/span>&nbsp;: Pour garder votre v\u00e9hicule impeccable.\n                    <\/li>\n                    <li style=\"box-sizing: border-box; margin-block: 0px; border: 0px; outline: 0px; font-size: 15px; vertical-align: baseline; background: transparent;\">B\u00e2ches de Protection&nbsp;: Mod\u00e8les standards ou sur mesure pour une protection optimale.<\/li>\n                    <li style=\"box-sizing: border-box; margin-block: 0px; border: 0px; outline: 0px; font-size: 15px; vertical-align: baseline; background: transparent;\">\n                      <span style=\"font-weight: 700;\">Chargeurs de Batterie<\/span>&nbsp;: Con\u00e7us sp\u00e9cifiquement pour les v\u00e9hicules classiques.\n                    <\/li>\n                    <li style=\"box-sizing: border-box; margin-block: 0px; border: 0px; outline: 0px; font-size: 15px; vertical-align: baseline; background: transparent;\">\n                      <span style=\"font-weight: 700;\">G\u00e9olocalisateurs Anti-vol<\/span> : Solutions de s\u00e9curit\u00e9 avanc\u00e9es pour la protection de votre voiture.\n                    <\/li>\n                  <\/ul>\n                <\/div>\n              <\/div>\n            <\/div>\n          <\/div>\n        <\/div>\n      <\/div>\n    <\/section>\n    <section class=\"u-clearfix u-image u-section-4\" id=\"sec-473d\" data-image-width=\"1500\" data-image-height=\"1000\" style=\"background-image: url(&quot;https:\/\/drive.deltalog.be\/wp-content\/uploads\/2025\/03\/20230926-DriveCity-72dpi.jpg&quot;);\">\n      <div class=\"u-clearfix u-sheet u-sheet-1\">\n        <div class=\"u-container-style u-group u-shading u-group-1\">\n          <div class=\"u-container-layout u-container-layout-1\">\n            <h1 class=\"u-align-left u-text u-text-white u-text-1\">DriveCity Engineering&nbsp;by Mekabox collabore avec des artisans et des fournisseurs experts dans leurs domaines permettant de r\u00e9aliser des restaurations \u00ab Concours \u00bb. <\/h1>\n          <\/div>\n        <\/div>\n      <\/div>\n    <\/section>\n    <section class=\"u-clearfix u-shading u-section-5\" id=\"block-4\">\n      <div class=\"u-clearfix u-sheet u-sheet-1\">\n        <div class=\"fr-view u-clearfix u-rich-text u-text u-text-1\">\n          <p>Notre \u00e9quipe est compos\u00e9e de v\u00e9ritables passionn\u00e9s de voitures anciennes, alliant expertise technique, exp\u00e9rience du terrain et minutie. Chaque membre de DriveCity Engineering s\u2019engage \u00e0 relever les d\u00e9fis les plus complexes avec rigueur et cr\u00e9ativit\u00e9. Nous travaillons avec des fournisseurs s\u00e9lectionn\u00e9s pour leur savoir-faire, garantissant des services de qualit\u00e9 sup\u00e9rieure et adapt\u00e9s \u00e0 chaque projet.<\/p>\n        <\/div>\n        <div class=\"fr-view u-clearfix u-rich-text u-text u-text-2\">\n          <p>\n            <span style=\"font-size: 1.875rem; font-weight: 700;\">Nos atouts<\/span>\n          <\/p>\n        <\/div>\n      <\/div>\n    <\/section>\n    <section class=\"u-clearfix u-image u-shading u-section-6\" id=\"carousel_dbc2\" data-image-width=\"1600\" data-image-height=\"1066\" style=\"background-image: linear-gradient(0deg, rgba(0, 0, 0, 0.2), rgba(0, 0, 0, 0.2)), url(&quot;https:\/\/drive.deltalog.be\/wp-content\/uploads\/2025\/03\/z.DriveCity-batiment-dpi.jpg?rand=3770&quot;);\">\n      <div class=\"u-clearfix u-sheet u-valign-middle u-sheet-1\">\n        <div class=\"data-layout-selected u-clearfix u-expanded-width u-layout-wrap u-layout-wrap-1\">\n          <div class=\"u-layout\">\n            <div class=\"u-layout-row\">\n              <div class=\"u-container-style u-layout-cell u-left-cell u-size-30 u-layout-cell-1\">\n                <div class=\"u-container-layout u-container-layout-1\">\n                  <a href=\"https:\/\/www.vdh.be\/fr\/\" class=\"u-border-2 u-border-palette-1-base u-link u-text-white u-link-1\" target=\"_blank\">NOS PARTENAIRES <\/a>\n                  <img decoding=\"async\" class=\"custom-expanded u-image u-image-contain u-image-1\" src=\"https:\/\/drive.deltalog.be\/wp-content\/uploads\/2025\/03\/VdH_logo1V-White.png?rand=c943\" data-image-width=\"1772\" data-image-height=\"900\">\n                <\/div>\n              <\/div>\n              <div class=\"u-align-right u-container-align-right u-container-style u-layout-cell u-right-cell u-size-30 u-layout-cell-2\">\n                <div class=\"u-container-layout u-container-layout-2\">\n                  <p class=\"u-text u-text-body-alt-color u-text-1\"> Heures d'ouverture<br>\n                    <br>Lundi : 14:00 - 18:00<br>Mardi : 14:00 - 18:00<br>Mercredi : 10:00 - 18:00<br>Jeudi : 14:00 - 18:00<br>Vendredi : 10:00 - 18:00<br>\n                    <br>Ou sur rendez-vous\n                  <\/p>\n                <\/div>\n              <\/div>\n            <\/div>\n          <\/div>\n        <\/div>\n      <\/div>\n    <\/section>\n    \n    \n    \n    \n    \n  \n<\/div>","protected":false},"excerpt":{"rendered":"<p>Engineering by Mekabox DriveCity Engineering by Mekabox est un atelier m\u00e9canique sp\u00e9cialis\u00e9 dans l\u2019entretien et la restauration des voitures anciennes. Il offre un service complet et une prise en charge personnalis\u00e9e pour pr\u00e9server et sublimer vos v\u00e9hicules de collection.Situ\u00e9 dans la r\u00e9gion du Brabant Wallon en Belgique, l\u2019atelier Mekabox r\u00e9pondra \u00e0 toutes vos demandes gr\u00e2ce [&hellip;]<\/p>\n","protected":false},"author":1,"featured_media":0,"parent":0,"menu_order":4,"comment_status":"closed","ping_status":"closed","template":"","meta":{"footnotes":""},"class_list":["post-198","page","type-page","status-publish","hentry"],"_links":{"self":[{"href":"https:\/\/drive.deltalog.be\/index.php\/wp-json\/wp\/v2\/pages\/198","targetHints":{"allow":["GET"]}}],"collection":[{"href":"https:\/\/drive.deltalog.be\/index.php\/wp-json\/wp\/v2\/pages"}],"about":[{"href":"https:\/\/drive.deltalog.be\/index.php\/wp-json\/wp\/v2\/types\/page"}],"author":[{"embeddable":true,"href":"https:\/\/drive.deltalog.be\/index.php\/wp-json\/wp\/v2\/users\/1"}],"replies":[{"embeddable":true,"href":"https:\/\/drive.deltalog.be\/index.php\/wp-json\/wp\/v2\/comments?post=198"}],"version-history":[{"count":1,"href":"https:\/\/drive.deltalog.be\/index.php\/wp-json\/wp\/v2\/pages\/198\/revisions"}],"predecessor-version":[{"id":221,"href":"https:\/\/drive.deltalog.be\/index.php\/wp-json\/wp\/v2\/pages\/198\/revisions\/221"}],"wp:attachment":[{"href":"https:\/\/drive.deltalog.be\/index.php\/wp-json\/wp\/v2\/media?parent=198"}],"curies":[{"name":"wp","href":"https:\/\/api.w.org\/{rel}","templated":true}]}}